{"id":605,"date":"2024-12-05T18:30:42","date_gmt":"2024-12-06T00:30:42","guid":{"rendered":"https:\/\/www.artexcorl.com.gt\/v2\/?post_type=product&#038;p=605"},"modified":"2024-12-05T18:33:29","modified_gmt":"2024-12-06T00:33:29","slug":"monedero-de-guipil-y-cuero","status":"publish","type":"product","link":"https:\/\/www.artexcorl.com.gt\/v2\/product\/monedero-de-guipil-y-cuero\/","title":{"rendered":"MONEDERO DE GUIPIL Y CUERO"},"content":{"rendered":"<p>Es un producto de caracter\u00edstica \u00fanica no replicable.<br \/>\nEs un producto peque\u00f1o especial para guardar dinero u objetos peque\u00f1itos.<\/p>\n<p><strong>Medidas:<\/strong><\/p>\n<p>Alto: 16cm<br \/>\nAncho: 4cm<br \/>\nLargo: 23cm<\/p>\n<p>Elaborado a mano por artesanos guatemaltecos.<\/p>\n<p><strong>Puedes adquirirlo en:<\/strong><\/p>\n<p>Instagram: kult_gt_<\/p>\n<p>WhatsApp: +502 4735 2146<\/p>\n","protected":false},"excerpt":{"rendered":"<p>Es un producto de caracter\u00edstica \u00fanica no replicable. Es un producto peque\u00f1o especial para guardar dinero u objetos peque\u00f1itos. Medidas: Alto: 16cm Ancho: 4cm Largo: 23cm Elaborado a mano por artesanos guatemaltecos. Puedes adquirirlo en: Instagram: kult_gt_ WhatsApp: +502 4735 2146<\/p>\n","protected":false},"featured_media":611,"comment_status":"open","ping_status":"closed","template":"","meta":{"_et_pb_use_builder":"","_et_pb_old_content":"","_et_gb_content_width":""},"product_brand":[],"product_cat":[23],"product_tag":[62,61,51,64,63,65],"class_list":{"0":"post-605","1":"product","2":"type-product","3":"status-publish","4":"has-post-thumbnail","6":"product_cat-dama","7":"product_tag-artesana","8":"product_tag-artesania","9":"product_tag-guatemala","10":"product_tag-handmade","11":"product_tag-hecho-a-mano","12":"product_tag-textiles","14":"first","15":"instock","16":"taxable","17":"shipping-taxable","18":"purchasable","19":"product-type-simple"},"_links":{"self":[{"href":"https:\/\/www.artexcorl.com.gt\/v2\/wp-json\/wp\/v2\/product\/605","targetHints":{"allow":["GET"]}}],"collection":[{"href":"https:\/\/www.artexcorl.com.gt\/v2\/wp-json\/wp\/v2\/product"}],"about":[{"href":"https:\/\/www.artexcorl.com.gt\/v2\/wp-json\/wp\/v2\/types\/product"}],"replies":[{"embeddable":true,"href":"https:\/\/www.artexcorl.com.gt\/v2\/wp-json\/wp\/v2\/comments?post=605"}],"wp:featuredmedia":[{"embeddable":true,"href":"https:\/\/www.artexcorl.com.gt\/v2\/wp-json\/wp\/v2\/media\/611"}],"wp:attachment":[{"href":"https:\/\/www.artexcorl.com.gt\/v2\/wp-json\/wp\/v2\/media?parent=605"}],"wp:term":[{"taxonomy":"product_brand","embeddable":true,"href":"https:\/\/www.artexcorl.com.gt\/v2\/wp-json\/wp\/v2\/product_brand?post=605"},{"taxonomy":"product_cat","embeddable":true,"href":"https:\/\/www.artexcorl.com.gt\/v2\/wp-json\/wp\/v2\/product_cat?post=605"},{"taxonomy":"product_tag","embeddable":true,"href":"https:\/\/www.artexcorl.com.gt\/v2\/wp-json\/wp\/v2\/product_tag?post=605"}],"curies":[{"name":"wp","href":"https:\/\/api.w.org\/{rel}","templated":true}]}}