{"id":674,"date":"2024-12-05T19:53:03","date_gmt":"2024-12-06T01:53:03","guid":{"rendered":"https:\/\/www.artexcorl.com.gt\/v2\/?post_type=product&#038;p=674"},"modified":"2024-12-05T19:53:03","modified_gmt":"2024-12-06T01:53:03","slug":"aretes-de-vidrio-soplado","status":"publish","type":"product","link":"https:\/\/www.artexcorl.com.gt\/v2\/product\/aretes-de-vidrio-soplado\/","title":{"rendered":"ARETES DE VIDRIO SOPLADO"},"content":{"rendered":"<p>Accesorio echo para mujeres con colores atractivos de f\u00e1cil combinaci\u00f3n, fiel antial\u00e9rgico.<\/p>\n<p><strong>Medidas:<\/strong><\/p>\n<p>Alto: 5cm<br \/>\nAncho: 1cm<br \/>\nLargo: 1cm<\/p>\n<p>Elaborado a mano por artesanos guatemaltecos.<\/p>\n<p><strong>Puedes adquirirlo en:<\/strong><\/p>\n<p>Instagram: kult_gt_<\/p>\n<p>WhatsApp: +502 4735 2146<\/p>\n","protected":false},"excerpt":{"rendered":"<p>Accesorio echo para mujeres con colores atractivos de f\u00e1cil combinaci\u00f3n, fiel antial\u00e9rgico. Medidas: Alto: 5cm Ancho: 1cm Largo: 1cm Elaborado a mano por artesanos guatemaltecos. Puedes adquirirlo en: Instagram: kult_gt_ WhatsApp: +502 4735 2146<\/p>\n","protected":false},"featured_media":675,"comment_status":"open","ping_status":"closed","template":"","meta":{"_et_pb_use_builder":"","_et_pb_old_content":"","_et_gb_content_width":""},"product_brand":[],"product_cat":[23],"product_tag":[61,51,64,63,71],"class_list":{"0":"post-674","1":"product","2":"type-product","3":"status-publish","4":"has-post-thumbnail","6":"product_cat-dama","7":"product_tag-artesania","8":"product_tag-guatemala","9":"product_tag-handmade","10":"product_tag-hecho-a-mano","11":"product_tag-vidrio-soplado","13":"first","14":"instock","15":"taxable","16":"shipping-taxable","17":"purchasable","18":"product-type-simple"},"_links":{"self":[{"href":"https:\/\/www.artexcorl.com.gt\/v2\/wp-json\/wp\/v2\/product\/674","targetHints":{"allow":["GET"]}}],"collection":[{"href":"https:\/\/www.artexcorl.com.gt\/v2\/wp-json\/wp\/v2\/product"}],"about":[{"href":"https:\/\/www.artexcorl.com.gt\/v2\/wp-json\/wp\/v2\/types\/product"}],"replies":[{"embeddable":true,"href":"https:\/\/www.artexcorl.com.gt\/v2\/wp-json\/wp\/v2\/comments?post=674"}],"wp:featuredmedia":[{"embeddable":true,"href":"https:\/\/www.artexcorl.com.gt\/v2\/wp-json\/wp\/v2\/media\/675"}],"wp:attachment":[{"href":"https:\/\/www.artexcorl.com.gt\/v2\/wp-json\/wp\/v2\/media?parent=674"}],"wp:term":[{"taxonomy":"product_brand","embeddable":true,"href":"https:\/\/www.artexcorl.com.gt\/v2\/wp-json\/wp\/v2\/product_brand?post=674"},{"taxonomy":"product_cat","embeddable":true,"href":"https:\/\/www.artexcorl.com.gt\/v2\/wp-json\/wp\/v2\/product_cat?post=674"},{"taxonomy":"product_tag","embeddable":true,"href":"https:\/\/www.artexcorl.com.gt\/v2\/wp-json\/wp\/v2\/product_tag?post=674"}],"curies":[{"name":"wp","href":"https:\/\/api.w.org\/{rel}","templated":true}]}}